{"id":134,"date":"2025-02-05T06:42:42","date_gmt":"2025-02-05T05:42:42","guid":{"rendered":"https:\/\/lackierzentrum-ince.de\/form\/?page_id=134"},"modified":"2025-06-30T17:08:44","modified_gmt":"2025-06-30T15:08:44","slug":"kostenvoranschlag","status":"publish","type":"page","link":"https:\/\/lackierzentrum-ince.de\/form\/kostenvoranschlag\/","title":{"rendered":"Kostenvoranschlag"},"content":{"rendered":"<section class=\"l-section wpb_row height_medium\"><div class=\"l-section-h i-cf\"><div class=\"g-cols vc_row via_flex valign_top type_default stacking_default\"><div class=\"vc_col-sm-12 wpb_column vc_column_container\"><div class=\"vc_column-inner\"><div class=\"wpb_wrapper\"><h1 class=\"w-post-elm post_title us_custom_eb849559 align_center entry-title color_link_inherit\">Kostenvoranschlag<\/h1><div class=\"w-separator size_small\"><\/div>[vc_raw_html]JTNDJTIxLS0lMjBDcmVhdGllYSVDMiVBRSUyMEZvcm0lMjAtLSUzRSUwQSUzQ2RpdiUyMGlkJTNEJTIyYzQlMjIlM0UlM0MlMkZkaXYlM0UlMEElM0NzY3JpcHQlMjB0eXBlJTNEJTIydGV4dCUyRmphdmFzY3JpcHQlMjIlM0UlMEElMjAlMjAlMjAlMjAlMjhmdW5jdGlvbiUyOGQlMkMlMjB0JTI5JTIwJTdCJTBBJTIwJTIwJTIwJTIwJTIwJTIwJTIwJTIwdmFyJTIwcyUyMCUzRCUyMGQuY3JlYXRlRWxlbWVudCUyOHQlMjklMkMlMjBvcHRpb25zJTIwJTNEJTIwJTdCJTBBJTIwJTIwJTIwJTIwJTIwJTIwJTIwJTIwJTIwJTIwJTIwJTIwJTI3aWQlMjclM0ElMjAlMjc2eHhURHclMjclMkMlMEElMjAlMjAlMjAlMjAlMjAlMjAlMjAlMjAlMjAlMjAlMjAlMjAlMjdjb250YWluZXIlMjclM0ElMjAlMjdjNCUyNyUyQyUwQSUyMCUyMCUyMCUyMCUyMCUyMCUyMCUyMCUyMCUyMCUyMCUyMCUyN2hlaWdodCUyNyUzQSUyMCUyNzE3MjVweCUyNyUyQyUwQSUyMCUyMCUyMCUyMCUyMCUyMCUyMCUyMCUyMCUyMCUyMCUyMCUyN2Zvcm0lMjclM0ElMjAlMjclMkYlMkZmb3JtLmNyZWF0aWVhLnRyJTJGYXBwJTJGZW1iZWQlMjclMEElMjAlMjAlMjAlMjAlMjAlMjAlMjAlMjAlN0QlM0IlMEElMjAlMjAlMjAlMjAlMjAlMjAlMjAlMjBzLnR5cGUlM0QlMjAlMjd0ZXh0JTJGamF2YXNjcmlwdCUyNyUzQiUwQSUyMCUyMCUyMCUyMCUyMCUyMCUyMCUyMHMuc3JjJTIwJTNEJTIwJTI3JTJGJTJGZm9ybS5jcmVhdGllYS50ciUyRnN0YXRpY19maWxlcyUyRmpzJTJGZm9ybS53aWRnZXQuanMlMjclM0IlMEElMjAlMjAlMjAlMjAlMjAlMjAlMjAlMjBzLm9ubG9hZCUyMCUzRCUyMHMub25yZWFkeXN0YXRlY2hhbmdlJTIwJTNEJTIwZnVuY3Rpb24lMjglMjklMjAlN0IlMEElMjAlMjAlMjAlMjAlMjAlMjAlMjAlMjAlMjAlMjAlMjAlMjB2YXIlMjBycyUyMCUzRCUyMHRoaXMucmVhZHlTdGF0ZSUzQiUyMGlmJTIwJTI4cnMlMjklMjBpZiUyMCUyOHJzJTIwJTIxJTNEJTIwJTI3Y29tcGxldGUlMjclMjklMjBpZiUyMCUyOHJzJTIwJTIxJTNEJTIwJTI3bG9hZGVkJTI3JTI5JTIwcmV0dXJuJTNCJTBBJTIwJTIwJTIwJTIwJTIwJTIwJTIwJTIwJTIwJTIwJTIwJTIwdHJ5JTIwJTdCJTIwJTI4bmV3JTIwRWFzeUZvcm1zJTI4JTI5JTI5LmluaXRpYWxpemUlMjhvcHRpb25zJTI5LmRpc3BsYXklMjglMjklMjAlN0QlMjBjYXRjaCUyMCUyOGUlMjklMjAlN0IlMjAlN0QlMEElMjAlMjAlMjAlMjAlMjAlMjAlMjAlMjAlN0QlM0IlMEElMjAlMjAlMjAlMjAlMjAlMjAlMjAlMjB2YXIlMjBzY3IlMjAlM0QlMjBkLmdldEVsZW1lbnRzQnlUYWdOYW1lJTI4dCUyOSU1QjAlNUQlMkMlMjBwYXIlMjAlM0QlMjBzY3IucGFyZW50Tm9kZSUzQiUyMHBhci5pbnNlcnRCZWZvcmUlMjhzJTJDJTIwc2NyJTI5JTNCJTBBJTIwJTIwJTIwJTIwJTdEJTI5JTI4ZG9jdW1lbnQlMkMlMjAlMjdzY3JpcHQlMjclMjklM0IlMEElM0MlMkZzY3JpcHQlM0UlMEElM0MlMjEtLSUyMEVuZCUyMENyZWF0aWVhJUMyJUFFJTIwRm9ybSUyMC0tJTNF[\/vc_raw_html]<div class=\"w-separator size_small\"><\/div><div class=\"w-message color_blue with_icon\"><div class=\"w-message-icon\"><i class=\"far fa-info-circle\"><\/i><\/div><div class=\"w-message-body\"><p><b>Vollkasko:<\/b><br \/>\nDeckt Sch\u00e4den am eigenen Fahrzeug, auch wenn man selbst den Unfall verursacht hat. Zus\u00e4tzlich zu Teilkasko-Leistungen.<\/p>\n<p><b>Teilkasko:<\/b><br \/>\nDeckt Sch\u00e4den durch Diebstahl, Glasbruch, Wildunf\u00e4lle, Unwetter \u2013 aber keine selbst verursachten Unfallsch\u00e4den.<\/p>\n<p><b>Privatzahler:<\/b><br \/>\nKeine Kosten\u00fcbernahme durch die Versicherung \u2013 der Kunde zahlt die Reparatur selbst.<\/p>\n<\/div><\/div><\/div><\/div><\/div><\/div><\/div><\/section>\n","protected":false},"excerpt":{"rendered":"Kostenvoranschlag[vc_raw_html]JTNDJTIxLS0lMjBDcmVhdGllYSVDMiVBRSUyMEZvcm0lMjAtLSUzRSUwQSUzQ2RpdiUyMGlkJTNEJTIyYzQlMjIlM0UlM0MlMkZkaXYlM0UlMEElM0NzY3JpcHQlMjB0eXBlJTNEJTIydGV4dCUyRmphdmFzY3JpcHQlMjIlM0UlMEElMjAlMjAlMjAlMjAlMjhmdW5jdGlvbiUyOGQlMkMlMjB0JTI5JTIwJTdCJTBBJTIwJTIwJTIwJTIwJTIwJTIwJTIwJTIwdmFyJTIwcyUyMCUzRCUyMGQuY3JlYXRlRWxlbWVudCUyOHQlMjklMkMlMjBvcHRpb25zJTIwJTNEJTIwJTdCJTBBJTIwJTIwJTIwJTIwJTIwJTIwJTIwJTIwJTIwJTIwJTIwJTIwJTI3aWQlMjclM0ElMjAlMjc2eHhURHclMjclMkMlMEElMjAlMjAlMjAlMjAlMjAlMjAlMjAlMjAlMjAlMjAlMjAlMjAlMjdjb250YWluZXIlMjclM0ElMjAlMjdjNCUyNyUyQyUwQSUyMCUyMCUyMCUyMCUyMCUyMCUyMCUyMCUyMCUyMCUyMCUyMCUyN2hlaWdodCUyNyUzQSUyMCUyNzE3MjVweCUyNyUyQyUwQSUyMCUyMCUyMCUyMCUyMCUyMCUyMCUyMCUyMCUyMCUyMCUyMCUyN2Zvcm0lMjclM0ElMjAlMjclMkYlMkZmb3JtLmNyZWF0aWVhLnRyJTJGYXBwJTJGZW1iZWQlMjclMEElMjAlMjAlMjAlMjAlMjAlMjAlMjAlMjAlN0QlM0IlMEElMjAlMjAlMjAlMjAlMjAlMjAlMjAlMjBzLnR5cGUlM0QlMjAlMjd0ZXh0JTJGamF2YXNjcmlwdCUyNyUzQiUwQSUyMCUyMCUyMCUyMCUyMCUyMCUyMCUyMHMuc3JjJTIwJTNEJTIwJTI3JTJGJTJGZm9ybS5jcmVhdGllYS50ciUyRnN0YXRpY19maWxlcyUyRmpzJTJGZm9ybS53aWRnZXQuanMlMjclM0IlMEElMjAlMjAlMjAlMjAlMjAlMjAlMjAlMjBzLm9ubG9hZCUyMCUzRCUyMHMub25yZWFkeXN0YXRlY2hhbmdlJTIwJTNEJTIwZnVuY3Rpb24lMjglMjklMjAlN0IlMEElMjAlMjAlMjAlMjAlMjAlMjAlMjAlMjAlMjAlMjAlMjAlMjB2YXIlMjBycyUyMCUzRCUyMHRoaXMucmVhZHlTdGF0ZSUzQiUyMGlmJTIwJTI4cnMlMjklMjBpZiUyMCUyOHJzJTIwJTIxJTNEJTIwJTI3Y29tcGxldGUlMjclMjklMjBpZiUyMCUyOHJzJTIwJTIxJTNEJTIwJTI3bG9hZGVkJTI3JTI5JTIwcmV0dXJuJTNCJTBBJTIwJTIwJTIwJTIwJTIwJTIwJTIwJTIwJTIwJTIwJTIwJTIwdHJ5JTIwJTdCJTIwJTI4bmV3JTIwRWFzeUZvcm1zJTI4JTI5JTI5LmluaXRpYWxpemUlMjhvcHRpb25zJTI5LmRpc3BsYXklMjglMjklMjAlN0QlMjBjYXRjaCUyMCUyOGUlMjklMjAlN0IlMjAlN0QlMEElMjAlMjAlMjAlMjAlMjAlMjAlMjAlMjAlN0QlM0IlMEElMjAlMjAlMjAlMjAlMjAlMjAlMjAlMjB2YXIlMjBzY3IlMjAlM0QlMjBkLmdldEVsZW1lbnRzQnlUYWdOYW1lJTI4dCUyOSU1QjAlNUQlMkMlMjBwYXIlMjAlM0QlMjBzY3IucGFyZW50Tm9kZSUzQiUyMHBhci5pbnNlcnRCZWZvcmUlMjhzJTJDJTIwc2NyJTI5JTNCJTBBJTIwJTIwJTIwJTIwJTdEJTI5JTI4ZG9jdW1lbnQlMkMlMjAlMjdzY3JpcHQlMjclMjklM0IlMEElM0MlMkZzY3JpcHQlM0UlMEElM0MlMjEtLSUyMEVuZCUyMENyZWF0aWVhJUMyJUFFJTIwRm9ybSUyMC0tJTNF[\/vc_raw_html]Vollkasko: Deckt Sch\u00e4den am eigenen Fahrzeug, auch wenn man selbst den Unfall verursacht hat. Zus\u00e4tzlich zu Teilkasko-Leistungen. Teilkasko: Deckt Sch\u00e4den durch Diebstahl, Glasbruch, Wildunf\u00e4lle, Unwetter \u2013 aber keine selbst verursachten Unfallsch\u00e4den. Privatzahler: Keine Kosten\u00fcbernahme durch die Versicherung \u2013 der Kunde zahlt die Reparatur selbst.","protected":false},"author":1,"featured_media":38,"parent":0,"menu_order":9,"comment_status":"closed","ping_status":"closed","template":"","meta":{"_acf_changed":false,"footnotes":"","_wp_rev_ctl_limit":""},"class_list":["post-134","page","type-page","status-publish","has-post-thumbnail","hentry"],"acf":[],"_links":{"self":[{"href":"https:\/\/lackierzentrum-ince.de\/form\/wp-json\/wp\/v2\/pages\/134","targetHints":{"allow":["GET"]}}],"collection":[{"href":"https:\/\/lackierzentrum-ince.de\/form\/wp-json\/wp\/v2\/pages"}],"about":[{"href":"https:\/\/lackierzentrum-ince.de\/form\/wp-json\/wp\/v2\/types\/page"}],"author":[{"embeddable":true,"href":"https:\/\/lackierzentrum-ince.de\/form\/wp-json\/wp\/v2\/users\/1"}],"replies":[{"embeddable":true,"href":"https:\/\/lackierzentrum-ince.de\/form\/wp-json\/wp\/v2\/comments?post=134"}],"version-history":[{"count":4,"href":"https:\/\/lackierzentrum-ince.de\/form\/wp-json\/wp\/v2\/pages\/134\/revisions"}],"predecessor-version":[{"id":322,"href":"https:\/\/lackierzentrum-ince.de\/form\/wp-json\/wp\/v2\/pages\/134\/revisions\/322"}],"wp:featuredmedia":[{"embeddable":true,"href":"https:\/\/lackierzentrum-ince.de\/form\/wp-json\/wp\/v2\/media\/38"}],"wp:attachment":[{"href":"https:\/\/lackierzentrum-ince.de\/form\/wp-json\/wp\/v2\/media?parent=134"}],"curies":[{"name":"wp","href":"https:\/\/api.w.org\/{rel}","templated":true}]}}