{"id":221,"date":"2025-06-28T13:01:25","date_gmt":"2025-06-28T11:01:25","guid":{"rendered":"https:\/\/lackierzentrum-ince.de\/form\/?page_id=221"},"modified":"2025-06-30T17:19:49","modified_gmt":"2025-06-30T15:19:49","slug":"unfallgutachten-haftpflichtschaden","status":"publish","type":"page","link":"https:\/\/lackierzentrum-ince.de\/form\/unfallgutachten-haftpflichtschaden\/","title":{"rendered":"Unfallgutachten \u2013 Haftpflichtschaden"},"content":{"rendered":"<section class=\"l-section wpb_row height_medium\"><div class=\"l-section-h i-cf\"><div class=\"g-cols vc_row via_flex valign_top type_default stacking_default\"><div class=\"vc_col-sm-12 wpb_column vc_column_container\"><div class=\"vc_column-inner\"><div class=\"wpb_wrapper\"><h1 class=\"w-post-elm post_title us_custom_eb849559 align_center entry-title color_link_inherit\">Unfallgutachten \u2013 Haftpflichtschaden<\/h1><div class=\"w-post-elm post_custom_field us_custom_eb849559 type_text short_descirption color_link_inherit\"><span class=\"w-post-elm-value\">Sch\u00e4den, die Ihnen zugef\u00fcgt wurden, also wenn Sie nicht schuld sind.<\/span><\/div><div class=\"w-separator size_small\"><\/div>[vc_raw_html]JTNDJTIxLS0lMjBDcmVhdGllYSVDMiVBRSUyMEZvcm0lMjAtLSUzRSUwQSUzQ2RpdiUyMGlkJTNEJTIyYzMlMjIlM0UlM0MlMkZkaXYlM0UlMEElM0NzY3JpcHQlMjB0eXBlJTNEJTIydGV4dCUyRmphdmFzY3JpcHQlMjIlM0UlMEElMjAlMjAlMjAlMjAlMjhmdW5jdGlvbiUyOGQlMkMlMjB0JTI5JTIwJTdCJTBBJTIwJTIwJTIwJTIwJTIwJTIwJTIwJTIwdmFyJTIwcyUyMCUzRCUyMGQuY3JlYXRlRWxlbWVudCUyOHQlMjklMkMlMjBvcHRpb25zJTIwJTNEJTIwJTdCJTBBJTIwJTIwJTIwJTIwJTIwJTIwJTIwJTIwJTIwJTIwJTIwJTIwJTI3aWQlMjclM0ElMjAlMjdUTUdtRnclMjclMkMlMEElMjAlMjAlMjAlMjAlMjAlMjAlMjAlMjAlMjAlMjAlMjAlMjAlMjdjb250YWluZXIlMjclM0ElMjAlMjdjMyUyNyUyQyUwQSUyMCUyMCUyMCUyMCUyMCUyMCUyMCUyMCUyMCUyMCUyMCUyMCUyN2hlaWdodCUyNyUzQSUyMCUyNzE3ODJweCUyNyUyQyUwQSUyMCUyMCUyMCUyMCUyMCUyMCUyMCUyMCUyMCUyMCUyMCUyMCUyN2Zvcm0lMjclM0ElMjAlMjclMkYlMkZmb3JtLmNyZWF0aWVhLnRyJTJGYXBwJTJGZW1iZWQlMjclMEElMjAlMjAlMjAlMjAlMjAlMjAlMjAlMjAlN0QlM0IlMEElMjAlMjAlMjAlMjAlMjAlMjAlMjAlMjBzLnR5cGUlM0QlMjAlMjd0ZXh0JTJGamF2YXNjcmlwdCUyNyUzQiUwQSUyMCUyMCUyMCUyMCUyMCUyMCUyMCUyMHMuc3JjJTIwJTNEJTIwJTI3JTJGJTJGZm9ybS5jcmVhdGllYS50ciUyRnN0YXRpY19maWxlcyUyRmpzJTJGZm9ybS53aWRnZXQuanMlMjclM0IlMEElMjAlMjAlMjAlMjAlMjAlMjAlMjAlMjBzLm9ubG9hZCUyMCUzRCUyMHMub25yZWFkeXN0YXRlY2hhbmdlJTIwJTNEJTIwZnVuY3Rpb24lMjglMjklMjAlN0IlMEElMjAlMjAlMjAlMjAlMjAlMjAlMjAlMjAlMjAlMjAlMjAlMjB2YXIlMjBycyUyMCUzRCUyMHRoaXMucmVhZHlTdGF0ZSUzQiUyMGlmJTIwJTI4cnMlMjklMjBpZiUyMCUyOHJzJTIwJTIxJTNEJTIwJTI3Y29tcGxldGUlMjclMjklMjBpZiUyMCUyOHJzJTIwJTIxJTNEJTIwJTI3bG9hZGVkJTI3JTI5JTIwcmV0dXJuJTNCJTBBJTIwJTIwJTIwJTIwJTIwJTIwJTIwJTIwJTIwJTIwJTIwJTIwdHJ5JTIwJTdCJTIwJTI4bmV3JTIwRWFzeUZvcm1zJTI4JTI5JTI5LmluaXRpYWxpemUlMjhvcHRpb25zJTI5LmRpc3BsYXklMjglMjklMjAlN0QlMjBjYXRjaCUyMCUyOGUlMjklMjAlN0IlMjAlN0QlMEElMjAlMjAlMjAlMjAlMjAlMjAlMjAlMjAlN0QlM0IlMEElMjAlMjAlMjAlMjAlMjAlMjAlMjAlMjB2YXIlMjBzY3IlMjAlM0QlMjBkLmdldEVsZW1lbnRzQnlUYWdOYW1lJTI4dCUyOSU1QjAlNUQlMkMlMjBwYXIlMjAlM0QlMjBzY3IucGFyZW50Tm9kZSUzQiUyMHBhci5pbnNlcnRCZWZvcmUlMjhzJTJDJTIwc2NyJTI5JTNCJTBBJTIwJTIwJTIwJTIwJTdEJTI5JTI4ZG9jdW1lbnQlMkMlMjAlMjdzY3JpcHQlMjclMjklM0IlMEElM0MlMkZzY3JpcHQlM0UlMEElM0MlMjEtLSUyMEVuZCUyMENyZWF0aWVhJUMyJUFFJTIwRm9ybSUyMC0tJTNF[\/vc_raw_html]<div class=\"w-separator size_small\"><\/div><div class=\"w-message color_blue with_icon\"><div class=\"w-message-icon\"><i class=\"far fa-info-circle\"><\/i><\/div><div class=\"w-message-body\"><p>Wir erstellen f\u00fcr Sie ein kostenfreies Gutachten, damit Sie Ihre Anspr\u00fcche gegen\u00fcber der gegnerischen Versicherung erfolgreich geltend machen k\u00f6nnen. Neben den Reparaturkosten stehen Ihnen je nach Schadenfall unter anderem auch folgende Entsch\u00e4digungen zu: Wertminderung, Nutzungsausfallentsch\u00e4digung, Mietwagenkosten, Schadenpauschale und weitere Leistungen.<\/p>\n<\/div><\/div><\/div><\/div><\/div><\/div><\/div><\/section>\n","protected":false},"excerpt":{"rendered":"Unfallgutachten \u2013 HaftpflichtschadenSch\u00e4den, die Ihnen zugef\u00fcgt wurden, also wenn Sie nicht schuld sind.[vc_raw_html]JTNDJTIxLS0lMjBDcmVhdGllYSVDMiVBRSUyMEZvcm0lMjAtLSUzRSUwQSUzQ2RpdiUyMGlkJTNEJTIyYzMlMjIlM0UlM0MlMkZkaXYlM0UlMEElM0NzY3JpcHQlMjB0eXBlJTNEJTIydGV4dCUyRmphdmFzY3JpcHQlMjIlM0UlMEElMjAlMjAlMjAlMjAlMjhmdW5jdGlvbiUyOGQlMkMlMjB0JTI5JTIwJTdCJTBBJTIwJTIwJTIwJTIwJTIwJTIwJTIwJTIwdmFyJTIwcyUyMCUzRCUyMGQuY3JlYXRlRWxlbWVudCUyOHQlMjklMkMlMjBvcHRpb25zJTIwJTNEJTIwJTdCJTBBJTIwJTIwJTIwJTIwJTIwJTIwJTIwJTIwJTIwJTIwJTIwJTIwJTI3aWQlMjclM0ElMjAlMjdUTUdtRnclMjclMkMlMEElMjAlMjAlMjAlMjAlMjAlMjAlMjAlMjAlMjAlMjAlMjAlMjAlMjdjb250YWluZXIlMjclM0ElMjAlMjdjMyUyNyUyQyUwQSUyMCUyMCUyMCUyMCUyMCUyMCUyMCUyMCUyMCUyMCUyMCUyMCUyN2hlaWdodCUyNyUzQSUyMCUyNzE3ODJweCUyNyUyQyUwQSUyMCUyMCUyMCUyMCUyMCUyMCUyMCUyMCUyMCUyMCUyMCUyMCUyN2Zvcm0lMjclM0ElMjAlMjclMkYlMkZmb3JtLmNyZWF0aWVhLnRyJTJGYXBwJTJGZW1iZWQlMjclMEElMjAlMjAlMjAlMjAlMjAlMjAlMjAlMjAlN0QlM0IlMEElMjAlMjAlMjAlMjAlMjAlMjAlMjAlMjBzLnR5cGUlM0QlMjAlMjd0ZXh0JTJGamF2YXNjcmlwdCUyNyUzQiUwQSUyMCUyMCUyMCUyMCUyMCUyMCUyMCUyMHMuc3JjJTIwJTNEJTIwJTI3JTJGJTJGZm9ybS5jcmVhdGllYS50ciUyRnN0YXRpY19maWxlcyUyRmpzJTJGZm9ybS53aWRnZXQuanMlMjclM0IlMEElMjAlMjAlMjAlMjAlMjAlMjAlMjAlMjBzLm9ubG9hZCUyMCUzRCUyMHMub25yZWFkeXN0YXRlY2hhbmdlJTIwJTNEJTIwZnVuY3Rpb24lMjglMjklMjAlN0IlMEElMjAlMjAlMjAlMjAlMjAlMjAlMjAlMjAlMjAlMjAlMjAlMjB2YXIlMjBycyUyMCUzRCUyMHRoaXMucmVhZHlTdGF0ZSUzQiUyMGlmJTIwJTI4cnMlMjklMjBpZiUyMCUyOHJzJTIwJTIxJTNEJTIwJTI3Y29tcGxldGUlMjclMjklMjBpZiUyMCUyOHJzJTIwJTIxJTNEJTIwJTI3bG9hZGVkJTI3JTI5JTIwcmV0dXJuJTNCJTBBJTIwJTIwJTIwJTIwJTIwJTIwJTIwJTIwJTIwJTIwJTIwJTIwdHJ5JTIwJTdCJTIwJTI4bmV3JTIwRWFzeUZvcm1zJTI4JTI5JTI5LmluaXRpYWxpemUlMjhvcHRpb25zJTI5LmRpc3BsYXklMjglMjklMjAlN0QlMjBjYXRjaCUyMCUyOGUlMjklMjAlN0IlMjAlN0QlMEElMjAlMjAlMjAlMjAlMjAlMjAlMjAlMjAlN0QlM0IlMEElMjAlMjAlMjAlMjAlMjAlMjAlMjAlMjB2YXIlMjBzY3IlMjAlM0QlMjBkLmdldEVsZW1lbnRzQnlUYWdOYW1lJTI4dCUyOSU1QjAlNUQlMkMlMjBwYXIlMjAlM0QlMjBzY3IucGFyZW50Tm9kZSUzQiUyMHBhci5pbnNlcnRCZWZvcmUlMjhzJTJDJTIwc2NyJTI5JTNCJTBBJTIwJTIwJTIwJTIwJTdEJTI5JTI4ZG9jdW1lbnQlMkMlMjAlMjdzY3JpcHQlMjclMjklM0IlMEElM0MlMkZzY3JpcHQlM0UlMEElM0MlMjEtLSUyMEVuZCUyMENyZWF0aWVhJUMyJUFFJTIwRm9ybSUyMC0tJTNF[\/vc_raw_html]Wir erstellen f\u00fcr Sie ein kostenfreies Gutachten, damit Sie Ihre Anspr\u00fcche gegen\u00fcber der gegnerischen Versicherung erfolgreich geltend machen k\u00f6nnen. Neben den Reparaturkosten stehen Ihnen je nach Schadenfall unter anderem auch folgende Entsch\u00e4digungen zu: Wertminderung, Nutzungsausfallentsch\u00e4digung, Mietwagenkosten, Schadenpauschale und weitere Leistungen.","protected":false},"author":1,"featured_media":86,"parent":0,"menu_order":3,"comment_status":"closed","ping_status":"closed","template":"","meta":{"_acf_changed":false,"footnotes":"","_wp_rev_ctl_limit":""},"class_list":["post-221","page","type-page","status-publish","has-post-thumbnail","hentry"],"acf":[],"_links":{"self":[{"href":"https:\/\/lackierzentrum-ince.de\/form\/wp-json\/wp\/v2\/pages\/221","targetHints":{"allow":["GET"]}}],"collection":[{"href":"https:\/\/lackierzentrum-ince.de\/form\/wp-json\/wp\/v2\/pages"}],"about":[{"href":"https:\/\/lackierzentrum-ince.de\/form\/wp-json\/wp\/v2\/types\/page"}],"author":[{"embeddable":true,"href":"https:\/\/lackierzentrum-ince.de\/form\/wp-json\/wp\/v2\/users\/1"}],"replies":[{"embeddable":true,"href":"https:\/\/lackierzentrum-ince.de\/form\/wp-json\/wp\/v2\/comments?post=221"}],"version-history":[{"count":5,"href":"https:\/\/lackierzentrum-ince.de\/form\/wp-json\/wp\/v2\/pages\/221\/revisions"}],"predecessor-version":[{"id":323,"href":"https:\/\/lackierzentrum-ince.de\/form\/wp-json\/wp\/v2\/pages\/221\/revisions\/323"}],"wp:featuredmedia":[{"embeddable":true,"href":"https:\/\/lackierzentrum-ince.de\/form\/wp-json\/wp\/v2\/media\/86"}],"wp:attachment":[{"href":"https:\/\/lackierzentrum-ince.de\/form\/wp-json\/wp\/v2\/media?parent=221"}],"curies":[{"name":"wp","href":"https:\/\/api.w.org\/{rel}","templated":true}]}}